{"id":31,"date":"2021-09-11T21:52:34","date_gmt":"2021-09-11T21:52:34","guid":{"rendered":"https:\/\/demo.gloriathemes.com\/loquet\/demo\/?page_id=31"},"modified":"2024-02-05T11:41:55","modified_gmt":"2024-02-05T11:41:55","slug":"home-ateneu","status":"publish","type":"page","link":"https:\/\/ateneucomercialporto.pt\/en_en\/","title":{"rendered":"Home"},"content":{"rendered":"<div data-elementor-type=\"wp-page\" data-elementor-id=\"31\" class=\"elementor elementor-31\">\n\t\t\t\t\t\t<section class=\"elementor-section elementor-top-section elementor-element elementor-element-5d04f03 elementor-section-full_width elementor-section-stretched elementor-section-height-default elementor-section-height-default\" data-id=\"5d04f03\" data-element_type=\"section\" data-settings=\"{&quot;stretch_section&quot;:&quot;section-stretched&quot;,&quot;background_background&quot;:&quot;classic&quot;}\">\n\t\t\t\t\t\t<div class=\"elementor-container elementor-column-gap-no\">\n\t\t\t\t\t<div class=\"elementor-column elementor-col-100 elementor-top-column elementor-element elementor-element-8119e5d\" data-id=\"8119e5d\" data-element_type=\"column\">\n\t\t\t<div class=\"elementor-widget-wrap elementor-element-populated\">\n\t\t\t\t\t\t<div class=\"elementor-element elementor-element-1565c0c elementor-widget elementor-widget-loquet-portfolio-slider-widget\" data-id=\"1565c0c\" data-element_type=\"widget\" data-widget_type=\"loquet-portfolio-slider-widget.default\">\n\t\t\t\t<div class=\"elementor-widget-container\">\n\t\t\t\t\t<div class=\"gt-portfolio-slider gt-style-1\"><div class=\"swiper gt-slider-container\" data-gt-item=\"1\" data-gt-item-group=\"1\" data-gt-item-space=\"0\" data-gt-loop=\"true\" data-gt-speed=\"1500\" data-gt-centered-slides=\"false\" data-gt-direction=\"horizontal\" data-gt-effect=\"slide\" data-gt-free-mode=\"false\" data-gt-parallax=\"true\" data-gt-lazy-loading=\"true\"><div class=\"swiper-wrapper\"><div class=\"swiper-slide gt-dark elementor-repeater-item-d6076ef\" data-swiper-autoplay=\"6000\"><div class=\"gt-image parallax-bg\" data-swiper-parallax=\"-100%\"><div class=\"gt-overlay\"><\/div><\/div><div class=\"gt-content gt-align-center\"><div class=\"gt-flex-container\"><div class=\"gt-inner\"><div class=\"gt-subtitle\" data-swiper-parallax=\"-100\">Welcome to <\/div><div class=\"gt-title\" data-swiper-parallax=\"-300\">Ateneu Comercial do Porto<\/div><div class=\"gt-action\" data-swiper-parallax=\"-700\"><div class=\"gt-item gt-buttons\"><div class=\"gt-button gt-style-1 gt-dark gt-inline-block\"><a href=\"https:\/\/ateneucomercialporto.pt\/en_en\/?page_id=6059\">know more<\/a><\/div><\/div><\/div><\/div><\/div><\/div><\/div><\/div><div class=\"gt-slider-bottom\"><div class=\"gt-flex-container\"><div class=\"gt-carousel-control gt-style-3 gt-dark gt-position-none\"><div class=\"gt-carousel-pagination\"><\/div><div class=\"gt-carousel-navigation\"><div class=\"gt-carousel-prev\"><svg xmlns=\"https:\/\/www.w3.org\/2000\/svg\" viewbox=\"0 0 64 64\"><path d=\"M8.69 38.96c.38.38 1 .38 1.38 0 .38-.38.38-1 0-1.38l-5.49-5.47 5.49-5.49c.38-.38.38-1 0-1.38-.38-.38-1-.38-1.38 0l-6.16 6.09-.01.01c-.38.38-.37.99.01 1.37l6.16 6.25zm52.67-7.83H3.21v1.94h58.15v-1.94z\" fill=\"#020203\"><\/path><\/svg><\/div><div class=\"gt-carousel-next\"><svg xmlns=\"https:\/\/www.w3.org\/2000\/svg\" viewbox=\"0 0 64 64\"><path d=\"M61.07 32.72c.38-.38.38-.99.01-1.37l-.01-.01-6.16-6.09c-.38-.38-1-.38-1.38 0-.38.38-.38 1 0 1.38l5.49 5.49-5.49 5.47c-.38.38-.38 1 0 1.38.38.38 1 .38 1.38 0l6.16-6.25zm-58.83.34h58.15v-1.94H2.24v1.94z\" fill=\"#020203\"><\/path><\/svg><\/div><\/div><\/div><\/div><\/div><\/div><\/div>\t\t\t\t<\/div>\n\t\t\t\t<\/div>\n\t\t\t\t\t<\/div>\n\t\t<\/div>\n\t\t\t\t\t<\/div>\n\t\t<\/section>\n\t\t\t\t<section class=\"elementor-section elementor-top-section elementor-element elementor-element-d9625f7 elementor-section-content-middle elementor-section-boxed elementor-section-height-default elementor-section-height-default\" data-id=\"d9625f7\" data-element_type=\"section\" data-settings=\"{&quot;background_background&quot;:&quot;classic&quot;}\">\n\t\t\t\t\t\t<div class=\"elementor-container elementor-column-gap-no\">\n\t\t\t\t\t<div class=\"elementor-column elementor-col-50 elementor-top-column elementor-element elementor-element-00965e7\" data-id=\"00965e7\" data-element_type=\"column\" data-settings=\"{&quot;background_background&quot;:&quot;classic&quot;}\">\n\t\t\t<div class=\"elementor-widget-wrap elementor-element-populated\">\n\t\t\t\t\t\t<div class=\"elementor-element elementor-element-abd9c95 elementor-widget elementor-widget-loquet-heading-widget\" data-id=\"abd9c95\" data-element_type=\"widget\" data-widget_type=\"loquet-heading-widget.default\">\n\t\t\t\t<div class=\"elementor-widget-container\">\n\t\t\t\t\t<div class=\"gt-module-title gt-style-1 gt-align-left gt-light\"><div class=\"gt-sub-title\"><span>About Ateneu<\/span><\/div><div class=\"gt-title\">The Ateneu Comercial do Porto, Association of Culture, Instruction and Recreation, was founded on August 29, 1869 and resulted from the merger of other similar institutions that did not succeed, founded by merchants and clerks from the city of Porto.<\/div><\/div>\t\t\t\t<\/div>\n\t\t\t\t<\/div>\n\t\t\t\t<div class=\"elementor-element elementor-element-9bc1a07 elementor-widget elementor-widget-loquet-button-widget\" data-id=\"9bc1a07\" data-element_type=\"widget\" data-widget_type=\"loquet-button-widget.default\">\n\t\t\t\t<div class=\"elementor-widget-container\">\n\t\t\t\t\t<div class=\"gt-button gt-style-4 gt-dark gt-align-left gt-flex\"><a href=\"https:\/\/ateneucomercialporto.pt\/en_en\/?page_id=6059\"><span>Know More<\/span><\/a><\/div>\t\t\t\t<\/div>\n\t\t\t\t<\/div>\n\t\t\t\t\t<\/div>\n\t\t<\/div>\n\t\t\t\t<div class=\"elementor-column elementor-col-50 elementor-top-column elementor-element elementor-element-ff3b164\" data-id=\"ff3b164\" data-element_type=\"column\" data-settings=\"{&quot;background_background&quot;:&quot;classic&quot;}\">\n\t\t\t<div class=\"elementor-widget-wrap elementor-element-populated\">\n\t\t\t\t\t\t<div class=\"elementor-element elementor-element-53a62e9 elementor-widget elementor-widget-loquet-service-boxes-widget\" data-id=\"53a62e9\" data-element_type=\"widget\" data-widget_type=\"loquet-service-boxes-widget.default\">\n\t\t\t\t<div class=\"elementor-widget-container\">\n\t\t\t\t\t<div class=\"gt-service-boxes gt-style-5 gt-light gt-align-left\"><div class=\"gt-grid gt-grid-1 gt-spacing-0\"><div class=\"gt-grid-col\"><div class=\"gt-item\"><div class=\"gt-left\"><div class=\"gt-image\"><\/div><\/div><div class=\"gt-right\"><div class=\"gt-title\">Opening Hours<\/div><div class=\"gt-content\"><p>10:00 to 23h00\u00a0<\/p>\n<\/div><\/div><\/div><\/div><\/div><\/div>\t\t\t\t<\/div>\n\t\t\t\t<\/div>\n\t\t\t\t<div class=\"elementor-element elementor-element-af7959e elementor-hidden-desktop elementor-hidden-tablet elementor-hidden-mobile elementor-widget elementor-widget-loquet-service-boxes-widget\" data-id=\"af7959e\" data-element_type=\"widget\" data-widget_type=\"loquet-service-boxes-widget.default\">\n\t\t\t\t<div class=\"elementor-widget-container\">\n\t\t\t\t\t<div class=\"gt-service-boxes gt-style-5 gt-light gt-align-left\"><div class=\"gt-grid gt-grid-1 gt-spacing-0\"><div class=\"gt-grid-col\"><div class=\"gt-item\"><div class=\"gt-left\"><div class=\"gt-image\"><\/div><\/div><div class=\"gt-right\"><div class=\"gt-title\">Guided Tour Time<\/div><div class=\"gt-content\"><p>Tuesday to Saturday, 11:00 am and 3:00 pm<\/p>\n<\/div><\/div><\/div><\/div><\/div><\/div>\t\t\t\t<\/div>\n\t\t\t\t<\/div>\n\t\t\t\t<div class=\"elementor-element elementor-element-ffd93b5 elementor-widget-divider--view-line elementor-widget elementor-widget-divider\" data-id=\"ffd93b5\" data-element_type=\"widget\" data-widget_type=\"divider.default\">\n\t\t\t\t<div class=\"elementor-widget-container\">\n\t\t\t\t\t\t\t<div class=\"elementor-divider\">\n\t\t\t<span class=\"elementor-divider-separator\">\n\t\t\t\t\t\t<\/span>\n\t\t<\/div>\n\t\t\t\t\t\t<\/div>\n\t\t\t\t<\/div>\n\t\t\t\t<div class=\"elementor-element elementor-element-4435c24 elementor-widget elementor-widget-loquet-service-boxes-widget\" data-id=\"4435c24\" data-element_type=\"widget\" data-widget_type=\"loquet-service-boxes-widget.default\">\n\t\t\t\t<div class=\"elementor-widget-container\">\n\t\t\t\t\t<div class=\"gt-service-boxes gt-style-5 gt-light gt-align-left\"><div class=\"gt-grid gt-grid-1 gt-spacing-0\"><div class=\"gt-grid-col\"><div class=\"gt-item\"><div class=\"gt-left\"><div class=\"gt-image\"><\/div><\/div><div class=\"gt-right\"><div class=\"gt-title\">Location<\/div><div class=\"gt-content\"><p>Rua Passos Manuel, 44<br \/>4000-381 PORTO<\/p>\n<\/div><\/div><\/div><\/div><\/div><\/div>\t\t\t\t<\/div>\n\t\t\t\t<\/div>\n\t\t\t\t<div class=\"elementor-element elementor-element-889dfde elementor-widget-divider--view-line elementor-widget elementor-widget-divider\" data-id=\"889dfde\" data-element_type=\"widget\" data-widget_type=\"divider.default\">\n\t\t\t\t<div class=\"elementor-widget-container\">\n\t\t\t\t\t\t\t<div class=\"elementor-divider\">\n\t\t\t<span class=\"elementor-divider-separator\">\n\t\t\t\t\t\t<\/span>\n\t\t<\/div>\n\t\t\t\t\t\t<\/div>\n\t\t\t\t<\/div>\n\t\t\t\t<div class=\"elementor-element elementor-element-632b145 elementor-hidden-desktop elementor-hidden-tablet elementor-hidden-mobile elementor-widget elementor-widget-loquet-button-widget\" data-id=\"632b145\" data-element_type=\"widget\" data-widget_type=\"loquet-button-widget.default\">\n\t\t\t\t<div class=\"elementor-widget-container\">\n\t\t\t\t\t<div class=\"gt-button gt-style-4 gt-light gt-align-center gt-inline\"><a href=\"https:\/\/ateneucomercialporto.pt\/en_en\/reservas\/\"><span>Book Guided Tour<\/span><\/a><\/div>\t\t\t\t<\/div>\n\t\t\t\t<\/div>\n\t\t\t\t\t<\/div>\n\t\t<\/div>\n\t\t\t\t\t<\/div>\n\t\t<\/section>\n\t\t\t\t<section class=\"elementor-section elementor-top-section elementor-element elementor-element-6ef993f elementor-section-boxed elementor-section-height-default elementor-section-height-default\" data-id=\"6ef993f\" data-element_type=\"section\">\n\t\t\t\t\t\t\t<div class=\"elementor-background-overlay\"><\/div>\n\t\t\t\t\t\t\t<div class=\"elementor-container elementor-column-gap-no\">\n\t\t\t\t\t<div class=\"elementor-column elementor-col-100 elementor-top-column elementor-element elementor-element-e41d124\" data-id=\"e41d124\" data-element_type=\"column\">\n\t\t\t<div class=\"elementor-widget-wrap elementor-element-populated\">\n\t\t\t\t\t\t<div class=\"elementor-element elementor-element-11e8711 elementor-widget elementor-widget-loquet-heading-widget\" data-id=\"11e8711\" data-element_type=\"widget\" data-widget_type=\"loquet-heading-widget.default\">\n\t\t\t\t<div class=\"elementor-widget-container\">\n\t\t\t\t\t<div class=\"gt-module-title gt-style-1 gt-align-left gt-light\"><div class=\"gt-title\">Ateneu<\/div><\/div>\t\t\t\t<\/div>\n\t\t\t\t<\/div>\n\t\t\t\t<div class=\"elementor-element elementor-element-2875af8 elementor-widget elementor-widget-text-editor\" data-id=\"2875af8\" data-element_type=\"widget\" data-widget_type=\"text-editor.default\">\n\t\t\t\t<div class=\"elementor-widget-container\">\n\t\t\t\t\t\t\t\t\t<p>Equipped with magnificent facilities, it has a multipurpose hall, library, buffet, bar, barbershop, living room, games rooms, billiards rooms and a reading room, in addition to the D. Lu\u00eds and Dr. Uva.<\/p>\t\t\t\t\t\t\t\t<\/div>\n\t\t\t\t<\/div>\n\t\t\t\t<div class=\"elementor-element elementor-element-0a23338 elementor-arrows-position-inside elementor-pagination-position-outside elementor-widget elementor-widget-image-carousel\" data-id=\"0a23338\" data-element_type=\"widget\" data-settings=\"{&quot;navigation&quot;:&quot;both&quot;,&quot;autoplay&quot;:&quot;yes&quot;,&quot;pause_on_hover&quot;:&quot;yes&quot;,&quot;pause_on_interaction&quot;:&quot;yes&quot;,&quot;autoplay_speed&quot;:5000,&quot;infinite&quot;:&quot;yes&quot;,&quot;speed&quot;:500}\" data-widget_type=\"image-carousel.default\">\n\t\t\t\t<div class=\"elementor-widget-container\">\n\t\t\t\t\t\t\t<div class=\"elementor-image-carousel-wrapper swiper\" role=\"region\" aria-roledescription=\"carousel\" aria-label=\"Image Carousel\" dir=\"ltr\">\n\t\t\t<div class=\"elementor-image-carousel swiper-wrapper\" aria-live=\"off\">\n\t\t\t\t\t\t\t\t<div class=\"swiper-slide\" role=\"group\" aria-roledescription=\"slide\" aria-label=\"1 of 4\"><figure class=\"swiper-slide-inner\"><img decoding=\"async\" class=\"swiper-slide-image\" src=\"https:\/\/ateneucomercialporto.pt\/wp-content\/uploads\/2022\/03\/ateneu6-300x182.png\" alt=\"ateneu6\" \/><\/figure><\/div><div class=\"swiper-slide\" role=\"group\" aria-roledescription=\"slide\" aria-label=\"2 of 4\"><figure class=\"swiper-slide-inner\"><img decoding=\"async\" class=\"swiper-slide-image\" src=\"https:\/\/ateneucomercialporto.pt\/wp-content\/uploads\/2022\/03\/atneu3-300x172.png\" alt=\"atneu3\" \/><\/figure><\/div><div class=\"swiper-slide\" role=\"group\" aria-roledescription=\"slide\" aria-label=\"3 of 4\"><figure class=\"swiper-slide-inner\"><img decoding=\"async\" class=\"swiper-slide-image\" src=\"https:\/\/ateneucomercialporto.pt\/wp-content\/uploads\/2022\/03\/ateneu2-300x177.png\" alt=\"ateneu2\" \/><\/figure><\/div><div class=\"swiper-slide\" role=\"group\" aria-roledescription=\"slide\" aria-label=\"4 of 4\"><figure class=\"swiper-slide-inner\"><img decoding=\"async\" class=\"swiper-slide-image\" src=\"https:\/\/ateneucomercialporto.pt\/wp-content\/uploads\/2022\/03\/ateneu1-300x182.png\" alt=\"ateneu1\" \/><\/figure><\/div>\t\t\t<\/div>\n\t\t\t\t\t\t\t\t\t\t\t\t<div class=\"elementor-swiper-button elementor-swiper-button-prev\" role=\"button\" tabindex=\"0\">\n\t\t\t\t\t\t<i aria-hidden=\"true\" class=\"eicon-chevron-left\"><\/i>\t\t\t\t\t<\/div>\n\t\t\t\t\t<div class=\"elementor-swiper-button elementor-swiper-button-next\" role=\"button\" tabindex=\"0\">\n\t\t\t\t\t\t<i aria-hidden=\"true\" class=\"eicon-chevron-right\"><\/i>\t\t\t\t\t<\/div>\n\t\t\t\t\n\t\t\t\t\t\t\t\t\t<div class=\"swiper-pagination\"><\/div>\n\t\t\t\t\t\t\t\t\t<\/div>\n\t\t\t\t\t\t<\/div>\n\t\t\t\t<\/div>\n\t\t\t\t\t<\/div>\n\t\t<\/div>\n\t\t\t\t\t<\/div>\n\t\t<\/section>\n\t\t\t\t<section class=\"elementor-section elementor-top-section elementor-element elementor-element-b52968e elementor-section-content-middle elementor-section-boxed elementor-section-height-default elementor-section-height-default\" data-id=\"b52968e\" data-element_type=\"section\" data-settings=\"{&quot;background_background&quot;:&quot;classic&quot;}\">\n\t\t\t\t\t\t<div class=\"elementor-container elementor-column-gap-no\">\n\t\t\t\t\t<div class=\"elementor-column elementor-col-66 elementor-top-column elementor-element elementor-element-5f0f43d\" data-id=\"5f0f43d\" data-element_type=\"column\" data-settings=\"{&quot;background_background&quot;:&quot;classic&quot;}\">\n\t\t\t<div class=\"elementor-widget-wrap elementor-element-populated\">\n\t\t\t\t\t\t<div class=\"elementor-element elementor-element-0f52e4a elementor-widget elementor-widget-image\" data-id=\"0f52e4a\" data-element_type=\"widget\" data-widget_type=\"image.default\">\n\t\t\t\t<div class=\"elementor-widget-container\">\n\t\t\t\t\t\t\t\t\t\t\t\t\t\t\t<img fetchpriority=\"high\" decoding=\"async\" width=\"960\" height=\"452\" src=\"https:\/\/ateneucomercialporto.pt\/wp-content\/uploads\/2022\/03\/ateneu7.png\" class=\"attachment-large size-large wp-image-5946\" alt=\"\" srcset=\"https:\/\/ateneucomercialporto.pt\/wp-content\/uploads\/2022\/03\/ateneu7.png 960w, https:\/\/ateneucomercialporto.pt\/wp-content\/uploads\/2022\/03\/ateneu7-300x141.png 300w, https:\/\/ateneucomercialporto.pt\/wp-content\/uploads\/2022\/03\/ateneu7-768x362.png 768w, https:\/\/ateneucomercialporto.pt\/wp-content\/uploads\/2022\/03\/ateneu7-415x195.png 415w, https:\/\/ateneucomercialporto.pt\/wp-content\/uploads\/2022\/03\/ateneu7-650x306.png 650w, https:\/\/ateneucomercialporto.pt\/wp-content\/uploads\/2022\/03\/ateneu7-250x118.png 250w\" sizes=\"(max-width: 960px) 100vw, 960px\" \/>\t\t\t\t\t\t\t\t\t\t\t\t\t\t\t<\/div>\n\t\t\t\t<\/div>\n\t\t\t\t\t<\/div>\n\t\t<\/div>\n\t\t\t\t<div class=\"elementor-column elementor-col-33 elementor-top-column elementor-element elementor-element-bb7c9f5\" data-id=\"bb7c9f5\" data-element_type=\"column\" data-settings=\"{&quot;background_background&quot;:&quot;classic&quot;}\">\n\t\t\t<div class=\"elementor-widget-wrap elementor-element-populated\">\n\t\t\t\t\t\t<div class=\"elementor-element elementor-element-751eeed elementor-widget elementor-widget-loquet-heading-widget\" data-id=\"751eeed\" data-element_type=\"widget\" data-widget_type=\"loquet-heading-widget.default\">\n\t\t\t\t<div class=\"elementor-widget-container\">\n\t\t\t\t\t<div class=\"gt-module-title gt-style-1 gt-align-left gt-light\"><div class=\"gt-sub-title\"><span>1st facsimile edition<\/span><\/div><div class=\"gt-title\">Lus\u00edadas<\/div><\/div>\t\t\t\t<\/div>\n\t\t\t\t<\/div>\n\t\t\t\t<div class=\"elementor-element elementor-element-93b5880 elementor-widget elementor-widget-text-editor\" data-id=\"93b5880\" data-element_type=\"widget\" data-widget_type=\"text-editor.default\">\n\t\t\t\t<div class=\"elementor-widget-container\">\n\t\t\t\t\t\t\t\t\t<p>It is a literary work \u2013 deluxe edition \u2013 of rare beauty, an epic poem of classical inspiration, consisting of ten cantos composed of tenths in heroic decasyllables.<\/p>\t\t\t\t\t\t\t\t<\/div>\n\t\t\t\t<\/div>\n\t\t\t\t<div class=\"elementor-element elementor-element-7db28d0 elementor-widget elementor-widget-loquet-button-widget\" data-id=\"7db28d0\" data-element_type=\"widget\" data-widget_type=\"loquet-button-widget.default\">\n\t\t\t\t<div class=\"elementor-widget-container\">\n\t\t\t\t\t<div class=\"gt-button gt-style-4 gt-light gt-align-center gt-inline\"><a href=\"https:\/\/sites.google.com\/view\/ateneucomercialdoporto\/home\/ateneu\"><span>cat\u00e1logo da biblioteca<\/span><\/a><\/div>\t\t\t\t<\/div>\n\t\t\t\t<\/div>\n\t\t\t\t<div class=\"elementor-element elementor-element-3ef8882 elementor-widget elementor-widget-loquet-button-widget\" data-id=\"3ef8882\" data-element_type=\"widget\" data-widget_type=\"loquet-button-widget.default\">\n\t\t\t\t<div class=\"elementor-widget-container\">\n\t\t\t\t\t<div class=\"gt-button gt-style-4 gt-light gt-align-center gt-inline\"><a href=\"https:\/\/ateneucomercialporto.pt\/en_en\/?page_id=5944\"><span>PURCHASE<\/span><\/a><\/div>\t\t\t\t<\/div>\n\t\t\t\t<\/div>\n\t\t\t\t\t<\/div>\n\t\t<\/div>\n\t\t\t\t\t<\/div>\n\t\t<\/section>\n\t\t\t\t<section class=\"elementor-section elementor-top-section elementor-element elementor-element-121158b elementor-section-boxed elementor-section-height-default elementor-section-height-default\" data-id=\"121158b\" data-element_type=\"section\">\n\t\t\t\t\t\t\t<div class=\"elementor-background-overlay\"><\/div>\n\t\t\t\t\t\t\t<div class=\"elementor-container elementor-column-gap-no\">\n\t\t\t\t\t<div class=\"elementor-column elementor-col-100 elementor-top-column elementor-element elementor-element-344f7ae\" data-id=\"344f7ae\" data-element_type=\"column\">\n\t\t\t<div class=\"elementor-widget-wrap elementor-element-populated\">\n\t\t\t\t\t\t<div class=\"elementor-element elementor-element-6b4bdc9 elementor-widget elementor-widget-loquet-heading-widget\" data-id=\"6b4bdc9\" data-element_type=\"widget\" data-widget_type=\"loquet-heading-widget.default\">\n\t\t\t\t<div class=\"elementor-widget-container\">\n\t\t\t\t\t<div class=\"gt-module-title gt-style-1 gt-align-center gt-light\"><div class=\"gt-title\">Activities<\/div><\/div>\t\t\t\t<\/div>\n\t\t\t\t<\/div>\n\t\t\t\t<div class=\"elementor-element elementor-element-a3315ff elementor-widget elementor-widget-text-editor\" data-id=\"a3315ff\" data-element_type=\"widget\" data-widget_type=\"text-editor.default\">\n\t\t\t\t<div class=\"elementor-widget-container\">\n\t\t\t\t\t\t\t\t\t<p>From its origins as a recreational society, to the <span style=\"font-size: inherit; background-color: var(--gt-background-color);\">bourgeois club extravaganzas, not forgetting the tradition of balls, soirees and gatherings, where the old and new aristocracy always attended, he never ceased to identify with Porto and its civic and cultural movements.<\/span><\/p>\t\t\t\t\t\t\t\t<\/div>\n\t\t\t\t<\/div>\n\t\t\t\t<div class=\"elementor-element elementor-element-8fdbaa8 elementor-widget elementor-widget-loquet-sponsors-widget\" data-id=\"8fdbaa8\" data-element_type=\"widget\" data-widget_type=\"loquet-sponsors-widget.default\">\n\t\t\t\t<div class=\"elementor-widget-container\">\n\t\t\t\t\t<div class=\"gt-sponsors gt-grayscale- gt-opacity-0-5 gt-style-1\"><div class=\"gt-grid gt-grid-6 gt-spacing-20 gt-grid-vertical-center gt-grid-center\"><div class=\"gt-grid-col\"><div class=\"gt-item\"><a href=\"https:\/\/ateneucomercialporto.pt\/en_en\/?page_id=6027\"><div class=\"gt-logo\"><img decoding=\"async\" width=\"1024\" height=\"1024\" src=\"https:\/\/ateneucomercialporto.pt\/wp-content\/uploads\/2022\/03\/Custom-Size-\u2013-1.png\" class=\"attachment-full size-full\" alt=\"\" srcset=\"https:\/\/ateneucomercialporto.pt\/wp-content\/uploads\/2022\/03\/Custom-Size-\u2013-1.png 1024w, https:\/\/ateneucomercialporto.pt\/wp-content\/uploads\/2022\/03\/Custom-Size-\u2013-1-300x300.png 300w, https:\/\/ateneucomercialporto.pt\/wp-content\/uploads\/2022\/03\/Custom-Size-\u2013-1-150x150.png 150w, https:\/\/ateneucomercialporto.pt\/wp-content\/uploads\/2022\/03\/Custom-Size-\u2013-1-768x768.png 768w, https:\/\/ateneucomercialporto.pt\/wp-content\/uploads\/2022\/03\/Custom-Size-\u2013-1-100x100.png 100w, https:\/\/ateneucomercialporto.pt\/wp-content\/uploads\/2022\/03\/Custom-Size-\u2013-1-350x350.png 350w, https:\/\/ateneucomercialporto.pt\/wp-content\/uploads\/2022\/03\/Custom-Size-\u2013-1-650x650.png 650w, https:\/\/ateneucomercialporto.pt\/wp-content\/uploads\/2022\/03\/Custom-Size-\u2013-1-500x500.png 500w, https:\/\/ateneucomercialporto.pt\/wp-content\/uploads\/2022\/03\/Custom-Size-\u2013-1-415x415.png 415w, https:\/\/ateneucomercialporto.pt\/wp-content\/uploads\/2022\/03\/Custom-Size-\u2013-1-250x250.png 250w\" sizes=\"(max-width: 1024px) 100vw, 1024px\" \/><\/div><\/a><\/div><\/div><div class=\"gt-grid-col\"><div class=\"gt-item\"><a href=\"https:\/\/ateneucomercialporto.pt\/en_en\/?page_id=6036\"><div class=\"gt-logo\"><img decoding=\"async\" width=\"1024\" height=\"1024\" src=\"https:\/\/ateneucomercialporto.pt\/wp-content\/uploads\/2022\/03\/Custom-Size-\u2013-3.png\" class=\"attachment-full size-full\" alt=\"\" srcset=\"https:\/\/ateneucomercialporto.pt\/wp-content\/uploads\/2022\/03\/Custom-Size-\u2013-3.png 1024w, https:\/\/ateneucomercialporto.pt\/wp-content\/uploads\/2022\/03\/Custom-Size-\u2013-3-300x300.png 300w, https:\/\/ateneucomercialporto.pt\/wp-content\/uploads\/2022\/03\/Custom-Size-\u2013-3-150x150.png 150w, https:\/\/ateneucomercialporto.pt\/wp-content\/uploads\/2022\/03\/Custom-Size-\u2013-3-768x768.png 768w, https:\/\/ateneucomercialporto.pt\/wp-content\/uploads\/2022\/03\/Custom-Size-\u2013-3-100x100.png 100w, https:\/\/ateneucomercialporto.pt\/wp-content\/uploads\/2022\/03\/Custom-Size-\u2013-3-350x350.png 350w, https:\/\/ateneucomercialporto.pt\/wp-content\/uploads\/2022\/03\/Custom-Size-\u2013-3-650x650.png 650w, https:\/\/ateneucomercialporto.pt\/wp-content\/uploads\/2022\/03\/Custom-Size-\u2013-3-500x500.png 500w, https:\/\/ateneucomercialporto.pt\/wp-content\/uploads\/2022\/03\/Custom-Size-\u2013-3-415x415.png 415w, https:\/\/ateneucomercialporto.pt\/wp-content\/uploads\/2022\/03\/Custom-Size-\u2013-3-250x250.png 250w\" sizes=\"(max-width: 1024px) 100vw, 1024px\" \/><\/div><\/a><\/div><\/div><div class=\"gt-grid-col\"><div class=\"gt-item\"><a href=\"https:\/\/ateneucomercialporto.pt\/en_en\/?page_id=6948\"><div class=\"gt-logo\"><img loading=\"lazy\" decoding=\"async\" width=\"1024\" height=\"1024\" src=\"https:\/\/ateneucomercialporto.pt\/wp-content\/uploads\/2022\/10\/escola_musica_1.png\" class=\"attachment-full size-full\" alt=\"Escola de M\u00fasica\" srcset=\"https:\/\/ateneucomercialporto.pt\/wp-content\/uploads\/2022\/10\/escola_musica_1.png 1024w, https:\/\/ateneucomercialporto.pt\/wp-content\/uploads\/2022\/10\/escola_musica_1-300x300.png 300w, https:\/\/ateneucomercialporto.pt\/wp-content\/uploads\/2022\/10\/escola_musica_1-150x150.png 150w, https:\/\/ateneucomercialporto.pt\/wp-content\/uploads\/2022\/10\/escola_musica_1-768x768.png 768w, https:\/\/ateneucomercialporto.pt\/wp-content\/uploads\/2022\/10\/escola_musica_1-12x12.png 12w, https:\/\/ateneucomercialporto.pt\/wp-content\/uploads\/2022\/10\/escola_musica_1-100x100.png 100w, https:\/\/ateneucomercialporto.pt\/wp-content\/uploads\/2022\/10\/escola_musica_1-350x350.png 350w, https:\/\/ateneucomercialporto.pt\/wp-content\/uploads\/2022\/10\/escola_musica_1-650x650.png 650w, https:\/\/ateneucomercialporto.pt\/wp-content\/uploads\/2022\/10\/escola_musica_1-500x500.png 500w, https:\/\/ateneucomercialporto.pt\/wp-content\/uploads\/2022\/10\/escola_musica_1-415x415.png 415w, https:\/\/ateneucomercialporto.pt\/wp-content\/uploads\/2022\/10\/escola_musica_1-250x250.png 250w\" sizes=\"(max-width: 1024px) 100vw, 1024px\" \/><\/div><\/a><\/div><\/div><\/div><\/div>\t\t\t\t<\/div>\n\t\t\t\t<\/div>\n\t\t\t\t\t<\/div>\n\t\t<\/div>\n\t\t\t\t\t<\/div>\n\t\t<\/section>\n\t\t\t\t<\/div>","protected":false},"excerpt":{"rendered":"<p>Bem-vindo ao Ateneu Comercial do Portosaber mais Sobre o AteneuO Ateneu Comercial do Porto, Associa\u00e7\u00e3o de Cultura, Instru\u00e7\u00e3o e Recreio, foi fundado em 29 de&#8230;<\/p>","protected":false},"author":1,"featured_media":0,"parent":0,"menu_order":0,"comment_status":"closed","ping_status":"closed","template":"","meta":{"footnotes":""},"class_list":["post-31","page","type-page","status-publish","hentry"],"_links":{"self":[{"href":"https:\/\/ateneucomercialporto.pt\/en_en\/wp-json\/wp\/v2\/pages\/31","targetHints":{"allow":["GET"]}}],"collection":[{"href":"https:\/\/ateneucomercialporto.pt\/en_en\/wp-json\/wp\/v2\/pages"}],"about":[{"href":"https:\/\/ateneucomercialporto.pt\/en_en\/wp-json\/wp\/v2\/types\/page"}],"author":[{"embeddable":true,"href":"https:\/\/ateneucomercialporto.pt\/en_en\/wp-json\/wp\/v2\/users\/1"}],"replies":[{"embeddable":true,"href":"https:\/\/ateneucomercialporto.pt\/en_en\/wp-json\/wp\/v2\/comments?post=31"}],"version-history":[{"count":491,"href":"https:\/\/ateneucomercialporto.pt\/en_en\/wp-json\/wp\/v2\/pages\/31\/revisions"}],"predecessor-version":[{"id":7452,"href":"https:\/\/ateneucomercialporto.pt\/en_en\/wp-json\/wp\/v2\/pages\/31\/revisions\/7452"}],"wp:attachment":[{"href":"https:\/\/ateneucomercialporto.pt\/en_en\/wp-json\/wp\/v2\/media?parent=31"}],"curies":[{"name":"wp","href":"https:\/\/api.w.org\/{rel}","templated":true}]}}